{"id":1577,"date":"2022-05-16T09:25:36","date_gmt":"2022-05-16T09:25:36","guid":{"rendered":"https:\/\/dev-workforce-agency.com\/teksound\/?post_type=product&#038;p=1577"},"modified":"2022-05-16T09:26:53","modified_gmt":"2022-05-16T09:26:53","slug":"pma-01","status":"publish","type":"product","link":"https:\/\/dev-workforce-agency.com\/teksound\/produto\/pma-01\/","title":{"rendered":"PMA-01"},"content":{"rendered":"<div class=\"woocommerce-product-details__short-description\">\n<p><span>Adaptador para dois microfones para um tubo.\u00a0Grampo de microfone duplo com conex\u00e3o de tubo.<\/span><\/p>\n<p><span>Permite seu ajuste em tubos com di\u00e2metro de \u00d8 22 mm a 40 mm.<\/span><\/p>\n<p><span>Nosso pr\u00e1tico acess\u00f3rio inclui um protetor em seu terminal para n\u00e3o marcar o tubo onde \u00e9 fixado.<\/span><\/p>\n<\/div>\n","protected":false},"excerpt":{"rendered":"<p>Adaptador para 2 microfones<\/p>\n","protected":false},"featured_media":1578,"template":"","meta":[],"product_cat":[252,243],"product_tag":[],"class_list":{"0":"post-1577","1":"product","2":"type-product","3":"status-publish","4":"has-post-thumbnail","6":"product_cat-acessorios-bolsas-e-adaptadores","7":"product_cat-suportes-audiovisuais-e-som-catenaria","9":"first","10":"instock","11":"shipping-taxable","12":"product-type-simple","13":"layout-style-2","14":"col-md-4 col-sm-4 col-xs-6","15":"col-lg-3","16":"product-style-addtocart"},"_links":{"self":[{"href":"https:\/\/dev-workforce-agency.com\/teksound\/wp-json\/wp\/v2\/product\/1577","targetHints":{"allow":["GET"]}}],"collection":[{"href":"https:\/\/dev-workforce-agency.com\/teksound\/wp-json\/wp\/v2\/product"}],"about":[{"href":"https:\/\/dev-workforce-agency.com\/teksound\/wp-json\/wp\/v2\/types\/product"}],"wp:featuredmedia":[{"embeddable":true,"href":"https:\/\/dev-workforce-agency.com\/teksound\/wp-json\/wp\/v2\/media\/1578"}],"wp:attachment":[{"href":"https:\/\/dev-workforce-agency.com\/teksound\/wp-json\/wp\/v2\/media?parent=1577"}],"wp:term":[{"taxonomy":"product_cat","embeddable":true,"href":"https:\/\/dev-workforce-agency.com\/teksound\/wp-json\/wp\/v2\/product_cat?post=1577"},{"taxonomy":"product_tag","embeddable":true,"href":"https:\/\/dev-workforce-agency.com\/teksound\/wp-json\/wp\/v2\/product_tag?post=1577"}],"curies":[{"name":"wp","href":"https:\/\/api.w.org\/{rel}","templated":true}]}}